{"id":147,"date":"2024-04-17T14:52:20","date_gmt":"2024-04-17T14:52:20","guid":{"rendered":"https:\/\/webredox.net\/demo\/wp\/renax\/?page_id=147"},"modified":"2025-11-06T02:26:45","modified_gmt":"2025-11-06T02:26:45","slug":"avtomobiller","status":"publish","type":"page","link":"https:\/\/rimon.az\/ru\/avtomobiller\/","title":{"rendered":"\u0410\u0432\u0442\u043e\u043c\u043e\u0431\u0438\u043b\u0438"},"content":{"rendered":"<div data-elementor-type=\"wp-page\" data-elementor-id=\"147\" class=\"elementor elementor-147\" data-elementor-post-type=\"page\">\n\t\t\t\t<div class=\"elementor-element elementor-element-19d70b8c e-con-full e-flex e-con e-parent\" data-id=\"19d70b8c\" data-element_type=\"container\" data-e-type=\"container\">\n\t\t\t\t<div class=\"elementor-element elementor-element-7f20e05a elementor-widget elementor-widget-renax-banner-simple\" data-id=\"7f20e05a\" data-element_type=\"widget\" data-e-type=\"widget\" data-widget_type=\"renax-banner-simple.default\">\n\t\t\t\t<div class=\"elementor-widget-container\">\n\t\t\t\t\t\t\t<section class=\"banner-header section-padding bg-img-c bg-img bg-fixed\" data-overlay-dark=\"5\" data-background=\"https:\/\/rimon.az\/wp-content\/uploads\/2024\/05\/Maybach-04.jpg\" data-position=\"bottom center\">\n        <div class=\"v-middle\">\n            <div class=\"container\">\n                <div class=\"row\">\n                    <div class=\"col-md-12 offset-md-0 text-center\">\n                        \t\t\t\t\t\t<h6 class=\"rx-df-page-banner-subtitle\">\u0412\u044b\u0431\u0435\u0440\u0438\u0442\u0435 \u0441\u0432\u043e\u0439 \u0430\u0432\u0442\u043e\u043c\u043e\u0431\u0438\u043b\u044c<\/h6>\n\t\t\t\t\t\t                        \t\t\t\t\t\t<h1 class=\"rx-df-page-banner-title\">\n\t\t\t\t\t\t\u041d\u0430\u0448\u0430 \u043f\u0430\u0440\u043a\u043e\u0432\u043a\u0430 <span>\u0412\u0430\u0440\u0438\u0430\u043d\u0442\u044b \u043d\u0430 \u0432\u0430\u0448 \u0432\u043a\u0443\u0441<\/span>\t\t\t\t\t\t<\/h1>\n\t\t\t\t\t\t\t\t\t\t\t\t                    <\/div>\n                <\/div>\n            <\/div>\n        <\/div>\n\t\t<\/section>\t\n\t\t\t\t\t\t<\/div>\n\t\t\t\t<\/div>\n\t\t\t\t<\/div>\n\t\t<div class=\"elementor-element elementor-element-8c6b16f e-flex e-con-boxed e-con e-parent\" data-id=\"8c6b16f\" data-element_type=\"container\" data-e-type=\"container\">\n\t\t\t\t\t<div class=\"e-con-inner\">\n\t\t\t\t<div class=\"elementor-element elementor-element-17d92a9 elementor-widget elementor-widget-renax-sec-title\" data-id=\"17d92a9\" data-element_type=\"widget\" data-e-type=\"widget\" data-widget_type=\"renax-sec-title.default\">\n\t\t\t\t<div class=\"elementor-widget-container\">\n\t\t\t\t\t\t\t<div class=\"about text-center\">\n\t\t\t\t\t\t<div class=\"section-subtitle\">\u0410\u0432\u0442\u043e\u043c\u043e\u0431\u0438\u043b\u0438, \u0441\u043e\u0447\u0435\u0442\u0430\u044e\u0449\u0438\u0435 \u043a\u043e\u043c\u0444\u043e\u0440\u0442 \u0438 \u0443\u0434\u043e\u0432\u043e\u043b\u044c\u0441\u0442\u0432\u0438\u0435<\/div>\n\t\t\t\t\t\t            <div class=\"section-title white\">\u041d\u0430\u0448\u0430 \u043f\u0430\u0440\u043a\u043e\u0432\u043a\u0430 <span> - \u0412\u0430\u0440\u0438\u0430\u043d\u0442\u044b \u043d\u0430 \u0432\u0430\u0448 \u0432\u043a\u0443\u0441<\/span><\/div>\n\t\t\t\t\t\t            <p class=\"rx-lets-talk white\">\u0411\u043b\u0430\u0433\u043e\u0434\u0430\u0440\u044f \u043d\u0430\u0448\u0435\u043c\u0443 \u0430\u0432\u0442\u043e\u043f\u0430\u0440\u043a\u0443 \u043f\u0440\u0435\u043c\u0438\u0443\u043c-\u043a\u043b\u0430\u0441\u0441\u0430 \u043c\u044b \u0433\u0430\u0440\u0430\u043d\u0442\u0438\u0440\u0443\u0435\u043c \u043a\u0430\u0436\u0434\u043e\u043c\u0443 \u043a\u043b\u0438\u0435\u043d\u0442\u0443 \u0438\u043d\u0434\u0438\u0432\u0438\u0434\u0443\u0430\u043b\u044c\u043d\u044b\u0439, \u0440\u043e\u0441\u043a\u043e\u0448\u043d\u044b\u0439 \u0438 \u043a\u043e\u043c\u0444\u043e\u0440\u0442\u043d\u044b\u0439 \u043e\u043f\u044b\u0442 \u0432\u043e\u0436\u0434\u0435\u043d\u0438\u044f. <br>\u041a\u0430\u0436\u0434\u044b\u0439 \u0430\u0432\u0442\u043e\u043c\u043e\u0431\u0438\u043b\u044c \u043f\u0440\u0435\u0434\u043e\u0441\u0442\u0430\u0432\u043b\u044f\u0435\u0442\u0441\u044f \u0432\u0430\u043c \u0432 \u0447\u0438\u0441\u0442\u043e\u043c, \u043f\u043e\u043b\u043d\u043e\u0441\u0442\u044c\u044e \u0438\u0441\u043f\u0440\u0430\u0432\u043d\u043e\u043c \u0441\u043e\u0441\u0442\u043e\u044f\u043d\u0438\u0438, \u0432\u0441\u0435\u0433\u0434\u0430 \u043f\u0440\u043e\u0448\u0435\u0434\u0448\u0435\u043c \u0442\u0435\u0445\u043d\u0438\u0447\u0435\u0441\u043a\u0443\u044e \u043f\u0440\u043e\u0432\u0435\u0440\u043a\u0443.<\/p>\n\t\t\t\t\t<\/div>\n\t\t\t\t\t\t<\/div>\n\t\t\t\t<\/div>\n\t\t\t\t\t<\/div>\n\t\t\t\t<\/div>\n\t\t<div class=\"elementor-element elementor-element-ba76bd5 e-flex e-con-boxed e-con e-parent\" data-id=\"ba76bd5\" data-element_type=\"container\" data-e-type=\"container\">\n\t\t\t\t\t<div class=\"e-con-inner\">\n\t\t\t\t<div class=\"elementor-element elementor-element-470be18 elementor-widget elementor-widget-renax-car-grid\" data-id=\"470be18\" data-element_type=\"widget\" data-e-type=\"widget\" data-widget_type=\"renax-car-grid.default\">\n\t\t\t\t<div class=\"elementor-widget-container\">\n\t\t\t\t\t\t\t\t\t<div class=\"cars1\">\n\t\t\t\t\t\t<div class=\"container-after-car\">\n\t\t\t\t\t\t\t<div class=\"row isotope-items-wrap-car  no-hide-last loadmore-wrapper-car\" data-load-item=\"6\" data-button-text=\"Daha \u0259trafl\u0131\">\n\t\t\t\t\t\t\t\t\t\t\t\t\t\t\t<div class=\"isotope-item col-lg-6  col-md-6  mb-60\">\n\t\t\t\t\t\t<div class=\"item\">\n\t\t\t\t\t\t\t\t\t\t\t\t\t\t<div class=\"img position-re-order-car-carousel o-hidden\">\n\t\t\t\t\t\t\t\t<div class=\"cd-pt-ab\">\n\t\t\t\t\t\t\t\t\t<img decoding=\"async\" src=\"https:\/\/rimon.az\/wp-content\/uploads\/2025\/11\/S-class-01.jpg\" alt=\"Mercedes-E-Class\" >\n\t\t\t\t\t\t\t\t<\/div>\n\t\t\t\t\t\t\t<\/div>\n\t\t\t\t\t\t\t\t\t\t\t\t\t\t<div class=\"con active\">\n\t\t\t\t\t\t\t\t<div class=\"row\">\n\t\t\t\t\t\t\t\t\t<div class=\"col-md-7\">\n\t\t\t\t\t\t\t\t\t\t<div class=\"title\"><a href=\"https:\/\/rimon.az\/ru\/car\/mercedes-e-class\/\">Mercedes-E-Class<\/a><\/div>\n\t\t\t\t\t\t\t\t\t\t\t\t\t\t\t\t\t\t\t\t<div class=\"details\"> \n\t\t\t\t\t\t\t\t\t\t\t\t\t\t\t\t\t\t\t\t\t<\/div>\n\t\t\t\t\t\t\t\t\t\t\t\t\t\t\t\t\t\t\t<\/div>\n\t\t\t\t\t\t\t\t\t<div class=\"col-md-5\">\n\t\t\t\t\t\t\t\t\t\t<div class=\"book\">\n\t\t\t\t\t\t\t\t\t\t\t<div><a href=\"https:\/\/rimon.az\/ru\/car\/mercedes-e-class\/\" class=\"btn\"><span>\u0411\u043e\u043b\u0435\u0435<\/span><\/a><\/div>\n\t\t\t\t\t\t\t\t\t\t\t\t\t\t\t\t\t\t\t\t\t<\/div>\n\t\t\t\t\t\t\t\t\t<\/div>\n\t\t\t\t\t\t\t\t<\/div>\n\t\t\t\t\t\t\t<\/div>\n\t\t\t\t\t\t<\/div>\n\t\t\t\t\t<\/div>\n\t\t\t\t\t\t\t\t\t\t\t\t\t\t\t<div class=\"isotope-item col-lg-6  col-md-6  mb-60\">\n\t\t\t\t\t\t<div class=\"item\">\n\t\t\t\t\t\t\t\t\t\t\t\t\t\t<div class=\"img position-re-order-car-carousel o-hidden\">\n\t\t\t\t\t\t\t\t<div class=\"cd-pt-ab\">\n\t\t\t\t\t\t\t\t\t<img decoding=\"async\" src=\"https:\/\/rimon.az\/wp-content\/uploads\/2025\/09\/V-class-01.webp\" alt=\"Mercedes-Benz V-Class\" >\n\t\t\t\t\t\t\t\t<\/div>\n\t\t\t\t\t\t\t<\/div>\n\t\t\t\t\t\t\t\t\t\t\t\t\t\t<div class=\"con active\">\n\t\t\t\t\t\t\t\t<div class=\"row\">\n\t\t\t\t\t\t\t\t\t<div class=\"col-md-7\">\n\t\t\t\t\t\t\t\t\t\t<div class=\"title\"><a href=\"https:\/\/rimon.az\/ru\/car\/mercedes-benz-v-class\/\">Mercedes-Benz V-Class<\/a><\/div>\n\t\t\t\t\t\t\t\t\t\t\t\t\t\t\t\t\t\t\t\t<div class=\"details\"> \n\t\t\t\t\t\t\t\t\t\t\t\t\t\t\t\t\t\t\t\t\t<\/div>\n\t\t\t\t\t\t\t\t\t\t\t\t\t\t\t\t\t\t\t<\/div>\n\t\t\t\t\t\t\t\t\t<div class=\"col-md-5\">\n\t\t\t\t\t\t\t\t\t\t<div class=\"book\">\n\t\t\t\t\t\t\t\t\t\t\t<div><a href=\"https:\/\/rimon.az\/ru\/car\/mercedes-benz-v-class\/\" class=\"btn\"><span>\u0411\u043e\u043b\u0435\u0435<\/span><\/a><\/div>\n\t\t\t\t\t\t\t\t\t\t\t\t\t\t\t\t\t\t\t\t\t<\/div>\n\t\t\t\t\t\t\t\t\t<\/div>\n\t\t\t\t\t\t\t\t<\/div>\n\t\t\t\t\t\t\t<\/div>\n\t\t\t\t\t\t<\/div>\n\t\t\t\t\t<\/div>\n\t\t\t\t\t\t\t\t\t\t\t\t\t\t\t<div class=\"isotope-item col-lg-6  col-md-6 suvs  mb-60\">\n\t\t\t\t\t\t<div class=\"item\">\n\t\t\t\t\t\t\t\t\t\t\t\t\t\t<div class=\"img position-re-order-car-carousel o-hidden\">\n\t\t\t\t\t\t\t\t<div class=\"cd-pt-ab\">\n\t\t\t\t\t\t\t\t\t<img decoding=\"async\" src=\"https:\/\/rimon.az\/wp-content\/uploads\/2025\/09\/Yuko-1-1.webp\" alt=\"GMC Yukon Denali\" >\n\t\t\t\t\t\t\t\t<\/div>\n\t\t\t\t\t\t\t<\/div>\n\t\t\t\t\t\t\t\t\t\t\t\t\t\t<div class=\"con active\">\n\t\t\t\t\t\t\t\t<div class=\"row\">\n\t\t\t\t\t\t\t\t\t<div class=\"col-md-7\">\n\t\t\t\t\t\t\t\t\t\t<div class=\"title\"><a href=\"https:\/\/rimon.az\/ru\/car\/gmc-yukon-denali\/\">GMC Yukon Denali<\/a><\/div>\n\t\t\t\t\t\t\t\t\t\t\t\t\t\t\t\t\t\t\t\t<div class=\"details\"> \n\t\t\t\t\t\t\t\t\t\t\t\t\t\t\t\t\t\t\t\t\t<\/div>\n\t\t\t\t\t\t\t\t\t\t\t\t\t\t\t\t\t\t\t<\/div>\n\t\t\t\t\t\t\t\t\t<div class=\"col-md-5\">\n\t\t\t\t\t\t\t\t\t\t<div class=\"book\">\n\t\t\t\t\t\t\t\t\t\t\t<div><a href=\"https:\/\/rimon.az\/ru\/car\/gmc-yukon-denali\/\" class=\"btn\"><span>\u0411\u043e\u043b\u0435\u0435<\/span><\/a><\/div>\n\t\t\t\t\t\t\t\t\t\t\t\t\t\t\t\t\t\t\t\t\t<\/div>\n\t\t\t\t\t\t\t\t\t<\/div>\n\t\t\t\t\t\t\t\t<\/div>\n\t\t\t\t\t\t\t<\/div>\n\t\t\t\t\t\t<\/div>\n\t\t\t\t\t<\/div>\n\t\t\t\t\t\t\t\t\t\t\t\t\t\t\t<div class=\"isotope-item col-lg-6  col-md-6  mb-60\">\n\t\t\t\t\t\t<div class=\"item\">\n\t\t\t\t\t\t\t\t\t\t\t\t\t\t<div class=\"img position-re-order-car-carousel o-hidden\">\n\t\t\t\t\t\t\t\t<div class=\"cd-pt-ab\">\n\t\t\t\t\t\t\t\t\t<img decoding=\"async\" src=\"https:\/\/rimon.az\/wp-content\/uploads\/2025\/09\/Cadillac-1.webp\" alt=\"Cadillac Escalade\" >\n\t\t\t\t\t\t\t\t<\/div>\n\t\t\t\t\t\t\t<\/div>\n\t\t\t\t\t\t\t\t\t\t\t\t\t\t<div class=\"con active\">\n\t\t\t\t\t\t\t\t<div class=\"row\">\n\t\t\t\t\t\t\t\t\t<div class=\"col-md-7\">\n\t\t\t\t\t\t\t\t\t\t<div class=\"title\"><a href=\"https:\/\/rimon.az\/ru\/car\/cadillac-escalade\/\">Cadillac Escalade<\/a><\/div>\n\t\t\t\t\t\t\t\t\t\t\t\t\t\t\t\t\t\t\t\t<div class=\"details\"> \n\t\t\t\t\t\t\t\t\t\t\t\t\t\t\t\t\t\t\t\t\t<\/div>\n\t\t\t\t\t\t\t\t\t\t\t\t\t\t\t\t\t\t\t<\/div>\n\t\t\t\t\t\t\t\t\t<div class=\"col-md-5\">\n\t\t\t\t\t\t\t\t\t\t<div class=\"book\">\n\t\t\t\t\t\t\t\t\t\t\t<div><a href=\"https:\/\/rimon.az\/ru\/car\/cadillac-escalade\/\" class=\"btn\"><span>\u0411\u043e\u043b\u0435\u0435<\/span><\/a><\/div>\n\t\t\t\t\t\t\t\t\t\t\t\t\t\t\t\t\t\t\t\t\t<\/div>\n\t\t\t\t\t\t\t\t\t<\/div>\n\t\t\t\t\t\t\t\t<\/div>\n\t\t\t\t\t\t\t<\/div>\n\t\t\t\t\t\t<\/div>\n\t\t\t\t\t<\/div>\n\t\t\t\t\t\t\t\t\t\t\t\t\t\t\t<div class=\"isotope-item col-lg-6  col-md-6  mb-60\">\n\t\t\t\t\t\t<div class=\"item\">\n\t\t\t\t\t\t\t\t\t\t\t\t\t\t<div class=\"img position-re-order-car-carousel o-hidden\">\n\t\t\t\t\t\t\t\t<div class=\"cd-pt-ab\">\n\t\t\t\t\t\t\t\t\t<img decoding=\"async\" src=\"https:\/\/rimon.az\/wp-content\/uploads\/2025\/09\/Maybach-01.webp\" alt=\"Mercedes-Maybach\" >\n\t\t\t\t\t\t\t\t<\/div>\n\t\t\t\t\t\t\t<\/div>\n\t\t\t\t\t\t\t\t\t\t\t\t\t\t<div class=\"con active\">\n\t\t\t\t\t\t\t\t<div class=\"row\">\n\t\t\t\t\t\t\t\t\t<div class=\"col-md-7\">\n\t\t\t\t\t\t\t\t\t\t<div class=\"title\"><a href=\"https:\/\/rimon.az\/ru\/car\/mercedes-maybach\/\">Mercedes-Maybach<\/a><\/div>\n\t\t\t\t\t\t\t\t\t\t\t\t\t\t\t\t\t\t\t\t<div class=\"details\"> \n\t\t\t\t\t\t\t\t\t\t\t\t\t\t\t\t\t\t\t\t\t<\/div>\n\t\t\t\t\t\t\t\t\t\t\t\t\t\t\t\t\t\t\t<\/div>\n\t\t\t\t\t\t\t\t\t<div class=\"col-md-5\">\n\t\t\t\t\t\t\t\t\t\t<div class=\"book\">\n\t\t\t\t\t\t\t\t\t\t\t<div><a href=\"https:\/\/rimon.az\/ru\/car\/mercedes-maybach\/\" class=\"btn\"><span>\u0411\u043e\u043b\u0435\u0435<\/span><\/a><\/div>\n\t\t\t\t\t\t\t\t\t\t\t\t\t\t\t\t\t\t\t\t\t<\/div>\n\t\t\t\t\t\t\t\t\t<\/div>\n\t\t\t\t\t\t\t\t<\/div>\n\t\t\t\t\t\t\t<\/div>\n\t\t\t\t\t\t<\/div>\n\t\t\t\t\t<\/div>\n\t\t\t\t\t\t\t\t\t<\/div>\n\t\t\t<\/div>\n\t\t<\/div>\n\t\t\t\t\t\t\t\t<\/div>\n\t\t\t\t<\/div>\n\t\t\t\t\t<\/div>\n\t\t\t\t<\/div>\n\t\t<div class=\"elementor-element elementor-element-c7246e7 e-flex e-con-boxed e-con e-parent\" data-id=\"c7246e7\" data-element_type=\"container\" data-e-type=\"container\" data-settings=\"{&quot;background_background&quot;:&quot;classic&quot;}\">\n\t\t\t\t\t<div class=\"e-con-inner\">\n\t\t\t\t<div class=\"elementor-element elementor-element-17a1c56 elementor-widget elementor-widget-renax-sec-title\" data-id=\"17a1c56\" data-element_type=\"widget\" data-e-type=\"widget\" data-widget_type=\"renax-sec-title.default\">\n\t\t\t\t<div class=\"elementor-widget-container\">\n\t\t\t\t\t\t\t<div class=\"about text-center\">\n\t\t\t\t\t\t<div class=\"section-subtitle\">\u0412\u043e\u0437\u044c\u043c\u0438\u0442\u0435 \u043c\u0430\u0448\u0438\u043d\u0443 \u0432 \u0430\u0440\u0435\u043d\u0434\u0443<\/div>\n\t\t\t\t\t\t            <div class=\"section-title white\">\u0412\u0430\u0441 \u0438\u043d\u0442\u0435\u0440\u0435\u0441\u0443\u0435\u0442 \u0430\u0440\u0435\u043d\u0434\u0430?<\/div>\n\t\t\t\t\t\t            <p class=\"rx-lets-talk white\">\u041e\u0431\u0440\u0430\u0449\u0430\u0439\u0442\u0435\u0441\u044c \u043a \u043d\u0430\u043c \u0431\u0435\u0437 \u043a\u043e\u043b\u0435\u0431\u0430\u043d\u0438\u0439 \u0438 \u0431\u044b\u0441\u0442\u0440\u043e \u0437\u0430\u043a\u0430\u0436\u0438\u0442\u0435 \u0436\u0435\u043b\u0430\u0435\u043c\u044b\u0439 \u0430\u0432\u0442\u043e\u043c\u043e\u0431\u0438\u043b\u044c.<\/p>\n\t\t\t\t\t<\/div>\n\t\t\t\t\t\t<\/div>\n\t\t\t\t<\/div>\n\t\t<div class=\"elementor-element elementor-element-cf87da3 e-flex e-con-boxed e-con e-child\" data-id=\"cf87da3\" data-element_type=\"container\" data-e-type=\"container\">\n\t\t\t\t\t<div class=\"e-con-inner\">\n\t\t\t\t<div class=\"elementor-element elementor-element-879dd2b elementor-widget elementor-widget-renax-button\" data-id=\"879dd2b\" data-element_type=\"widget\" data-e-type=\"widget\" data-widget_type=\"renax-button.default\">\n\t\t\t\t<div class=\"elementor-widget-container\">\n\t\t\t\t\t        \t\t<div class=\"sec-button float-left clear\">\t\t\t\n\t\t\t<a class=\"button-1 rx-icon-left\"\n\t\t\t\t\t\t\n\t\t\thref=\"http:\/\/wa.me\/994102390255\" \n\t\t\t\t\t\ttarget=\"_blank\" rel=\"noopener noreferrer\">\n\t\t\t\t\t\t\t\t\t\t<svg aria-hidden=\"true\" class=\"e-font-icon-svg e-fab-whatsapp\" viewbox=\"0 0 448 512\" xmlns=\"http:\/\/www.w3.org\/2000\/svg\"><path d=\"M380.9 97.1C339 55.1 283.2 32 223.9 32c-122.4 0-222 99.6-222 222 0 39.1 10.2 77.3 29.6 111L0 480l117.7-30.9c32.4 17.7 68.9 27 106.1 27h.1c122.3 0 224.1-99.6 224.1-222 0-59.3-25.2-115-67.1-157zm-157 341.6c-33.2 0-65.7-8.9-94-25.7l-6.7-4-69.8 18.3L72 359.2l-4.4-7c-18.5-29.4-28.2-63.3-28.2-98.2 0-101.7 82.8-184.5 184.6-184.5 49.3 0 95.6 19.2 130.4 54.1 34.8 34.9 56.2 81.2 56.1 130.5 0 101.8-84.9 184.6-186.6 184.6zm101.2-138.2c-5.5-2.8-32.8-16.2-37.9-18-5.1-1.9-8.8-2.8-12.5 2.8-3.7 5.6-14.3 18-17.6 21.8-3.2 3.7-6.5 4.2-12 1.4-32.6-16.3-54-29.1-75.5-66-5.7-9.8 5.7-9.1 16.3-30.3 1.8-3.7.9-6.9-.5-9.7-1.4-2.8-12.5-30.1-17.1-41.2-4.5-10.8-9.1-9.3-12.5-9.5-3.2-.2-6.9-.2-10.6-.2-3.7 0-9.7 1.4-14.8 6.9-5.1 5.6-19.4 19-19.4 46.3 0 27.3 19.9 53.7 22.6 57.4 2.8 3.7 39.1 59.7 94.8 83.8 35.2 15.2 49 16.5 66.6 13.9 10.7-1.6 32.8-13.4 37.4-26.4 4.6-13 4.6-24.1 3.2-26.4-1.3-2.5-5-3.9-10.5-6.6z\"><\/path><\/svg>\t\t\t\t\n\t\t\tWhatsApp \n\t\t\t\t\t\t<\/a>\t\n\t\t<\/div>\t\t\n        \t\n\t\t\n        \t\t\t\t<\/div>\n\t\t\t\t<\/div>\n\t\t\t\t<div class=\"elementor-element elementor-element-d6d3c53 elementor-widget elementor-widget-renax-button\" data-id=\"d6d3c53\" data-element_type=\"widget\" data-e-type=\"widget\" data-widget_type=\"renax-button.default\">\n\t\t\t\t<div class=\"elementor-widget-container\">\n\t\t\t\t\t        \t\t<div class=\"sec-button float-left clear\">\t\t\t\n\t\t\t<a class=\"button-2\"\n\t\t\t\t\t\t\n\t\t\thref=\"https:\/\/rimon.az\/ru\/contact\/\" \n\t\t\t\t\t\ttarget=\"_self\" rel=\"noopener noreferrer\">\n\t\t\t\t\t\t\u0417\u0430\u043a\u0430\u0437 \n\t\t\t\t\t\t\n\t\t\t\t<span class=\"ti-arrow-top-right\"><\/span>\n\t\t\t\t\n\t\t\t\t\t\t<\/a>\t\n\t\t<\/div>\t\t\n        \t\n\t\t\n        \t\t\t\t<\/div>\n\t\t\t\t<\/div>\n\t\t\t\t\t<\/div>\n\t\t\t\t<\/div>\n\t\t\t\t\t<\/div>\n\t\t\t\t<\/div>\n\t\t<div class=\"elementor-element elementor-element-690d1e71 e-flex e-con-boxed e-con e-parent\" data-id=\"690d1e71\" data-element_type=\"container\" data-e-type=\"container\" data-settings=\"{&quot;background_background&quot;:&quot;classic&quot;}\">\n\t\t\t\t\t<div class=\"e-con-inner\">\n\t\t\t\t<div class=\"elementor-element elementor-element-7d2663c4 elementor-widget elementor-widget-renax-clients\" data-id=\"7d2663c4\" data-element_type=\"widget\" data-e-type=\"widget\" data-widget_type=\"renax-clients.default\">\n\t\t\t\t<div class=\"elementor-widget-container\">\n\t\t\t\t\t\n\t\t<div class=\"clients clear\">\n\t\t\t<div class=\"owl-carousel owl-theme\" data-carousel-autoplay=\"true\" data-carousel-speed=\"1000\" data-carousel-timeout=\"5000\" data-carousel-nav=\"false\" data-rtl=\"false\" data-carousel-dots-mobile=\"false\" data-carousel-dots=\"false\" data-carousel-columns=\"6\">\n\t\t\t\t\t\t\t\t<div class=\"clients-logo\">\n\t\t\t\t    \t\t\t\t\t<a href=\"#\" target=\"_self\" rel=\"noopener noreferrer\">\n\t\t\t\t\t\t\t\t\t\t\t\n\t\t\t\t\t<img decoding=\"async\" src=\"https:\/\/rimon.az\/wp-content\/uploads\/2025\/10\/2logo-car-rimon-22.png\" alt=\"\">\t\t\t\t\n\t\t\t\t\t\t\t\t\t\t<\/a>\n\t\t\t\t\t\t\t\t\n\t\t\t\t<\/div>\t\n\t\t\t\t\t\t\t\t<div class=\"clients-logo\">\n\t\t\t\t    \t\t\t\t\t<a href=\"#\" target=\"_self\" rel=\"noopener noreferrer\">\n\t\t\t\t\t\t\t\t\t\t\t\n\t\t\t\t\t<img decoding=\"async\" src=\"https:\/\/rimon.az\/wp-content\/uploads\/2025\/10\/1car-logo-rimon.png\" alt=\"\">\t\t\t\t\n\t\t\t\t\t\t\t\t\t\t<\/a>\n\t\t\t\t\t\t\t\t\n\t\t\t\t<\/div>\t\n\t\t\t\t\t\t\t\t<div class=\"clients-logo\">\n\t\t\t\t    \t\t\t\t\t<a href=\"#\" target=\"_self\" rel=\"noopener noreferrer\">\n\t\t\t\t\t\t\t\t\t\t\t\n\t\t\t\t\t<img decoding=\"async\" src=\"https:\/\/rimon.az\/wp-content\/uploads\/2025\/08\/car-logo-rimon-1.png\" alt=\"\">\t\t\t\t\n\t\t\t\t\t\t\t\t\t\t<\/a>\n\t\t\t\t\t\t\t\t\n\t\t\t\t<\/div>\t\n\t\t\t\t\t\t\t\t<div class=\"clients-logo\">\n\t\t\t\t    \t\t\t\t\t<a href=\"#\" target=\"_self\" rel=\"noopener noreferrer\">\n\t\t\t\t\t\t\t\t\t\t\t\n\t\t\t\t\t<img decoding=\"async\" src=\"https:\/\/rimon.az\/wp-content\/uploads\/2025\/10\/3car-logo-rimon.png\" alt=\"\">\t\t\t\t\n\t\t\t\t\t\t\t\t\t\t<\/a>\n\t\t\t\t\t\t\t\t\n\t\t\t\t<\/div>\t\n\t\t\t\t\t\t\t<\/div>\t\t\n\t\t<\/div>\t\t\n\n        \t\t\t\t<\/div>\n\t\t\t\t<\/div>\n\t\t\t\t\t<\/div>\n\t\t\t\t<\/div>\n\t\t\t\t<\/div>","protected":false},"excerpt":{"rendered":"<p>Avtomobilinizi se\u00e7in Avtopark\u0131m\u0131z Z\u00f6vq\u00fcn\u00fcz\u0259 uy\u011fun se\u00e7iml\u0259r Komfortun v\u0259 z\u00f6vq\u00fcn bir araya g\u0259ldiyi avtomobill\u0259r Avtopark\u0131m\u0131z &#8211; Z\u00f6vq\u00fcn\u00fcz\u0259 uy\u011fun se\u00e7iml\u0259r Premium s\u0259viyy\u0259li avtomobil park\u0131m\u0131zla h\u0259r m\u00fc\u015ft\u0259riy\u0259 \u00f6z\u00fcn\u0259 uy\u011fun, l\u00fcks v\u0259 rahat bir yol t\u0259cr\u00fcb\u0259si v\u0259d edir. H\u0259r bir avtomobil daim texniki bax\u0131\u015fdan ke\u00e7irilmi\u015f, t\u0259miz v\u0259 istifad\u0259y\u0259&#8230;<\/p>","protected":false},"author":1,"featured_media":0,"parent":0,"menu_order":0,"comment_status":"closed","ping_status":"closed","template":"","meta":{"footnotes":""},"class_list":["post-147","page","type-page","status-publish","hentry"],"meta_box":[],"_links":{"self":[{"href":"https:\/\/rimon.az\/ru\/wp-json\/wp\/v2\/pages\/147","targetHints":{"allow":["GET"]}}],"collection":[{"href":"https:\/\/rimon.az\/ru\/wp-json\/wp\/v2\/pages"}],"about":[{"href":"https:\/\/rimon.az\/ru\/wp-json\/wp\/v2\/types\/page"}],"author":[{"embeddable":true,"href":"https:\/\/rimon.az\/ru\/wp-json\/wp\/v2\/users\/1"}],"replies":[{"embeddable":true,"href":"https:\/\/rimon.az\/ru\/wp-json\/wp\/v2\/comments?post=147"}],"version-history":[{"count":56,"href":"https:\/\/rimon.az\/ru\/wp-json\/wp\/v2\/pages\/147\/revisions"}],"predecessor-version":[{"id":1704,"href":"https:\/\/rimon.az\/ru\/wp-json\/wp\/v2\/pages\/147\/revisions\/1704"}],"wp:attachment":[{"href":"https:\/\/rimon.az\/ru\/wp-json\/wp\/v2\/media?parent=147"}],"curies":[{"name":"wp","href":"https:\/\/api.w.org\/{rel}","templated":true}]}}