{"id":511,"date":"2024-04-20T20:23:55","date_gmt":"2024-04-20T20:23:55","guid":{"rendered":"https:\/\/webredox.net\/demo\/wp\/renax\/?page_id=511"},"modified":"2025-11-10T05:47:34","modified_gmt":"2025-11-10T05:47:34","slug":"elaqe","status":"publish","type":"page","link":"https:\/\/rimon.az\/ru\/elaqe\/","title":{"rendered":"\u041a\u043e\u043d\u0442\u0430\u043a\u0442"},"content":{"rendered":"<div data-elementor-type=\"wp-page\" data-elementor-id=\"511\" class=\"elementor elementor-511\" data-elementor-post-type=\"page\">\n\t\t\t\t<div class=\"elementor-element elementor-element-d823c8a e-con-full e-flex e-con e-parent\" data-id=\"d823c8a\" data-element_type=\"container\" data-e-type=\"container\">\n\t\t\t\t<div class=\"elementor-element elementor-element-ee501b3 elementor-widget elementor-widget-renax-banner-simple\" data-id=\"ee501b3\" data-element_type=\"widget\" data-e-type=\"widget\" data-widget_type=\"renax-banner-simple.default\">\n\t\t\t\t<div class=\"elementor-widget-container\">\n\t\t\t\t\t\t\t<section class=\"banner-header section-padding bg-img-c bg-img bg-fixed\" data-overlay-dark=\"5\" data-background=\"https:\/\/rimon.az\/wp-content\/uploads\/2025\/09\/Cadillac-1.jpg\" data-position=\"center center\">\n        <div class=\"v-middle\">\n            <div class=\"container\">\n                <div class=\"row\">\n                    <div class=\"col-md-12 offset-md-0 text-center\">\n                        \t\t\t\t\t\t<h6 class=\"rx-df-page-banner-subtitle\">\u0421\u0432\u044f\u0437\u0430\u0442\u044c\u0441\u044f \u0441 \u043d\u0430\u043c\u0438<\/h6>\n\t\t\t\t\t\t                        \t\t\t\t\t\t<h1 class=\"rx-df-page-banner-title\">\n\t\t\t\t\t\t\u041a\u043e\u043d\u0442\u0430\u043a\u0442\t\t\t\t\t\t<\/h1>\n\t\t\t\t\t\t\t\t\t\t\t\t                    <\/div>\n                <\/div>\n            <\/div>\n        <\/div>\n\t\t<\/section>\t\n\t\t\t\t\t\t<\/div>\n\t\t\t\t<\/div>\n\t\t\t\t<\/div>\n\t\t<div class=\"elementor-element elementor-element-1e6ab7b e-flex e-con-boxed e-con e-parent\" data-id=\"1e6ab7b\" data-element_type=\"container\" data-e-type=\"container\" data-settings=\"{&quot;background_background&quot;:&quot;classic&quot;}\">\n\t\t\t\t\t<div class=\"e-con-inner\">\n\t\t<div class=\"elementor-element elementor-element-5bd95f2 e-con-full e-flex e-con e-child\" data-id=\"5bd95f2\" data-element_type=\"container\" data-e-type=\"container\">\n\t\t\t\t<div class=\"elementor-element elementor-element-3ef2364 elementor-widget elementor-widget-renax-contact\" data-id=\"3ef2364\" data-element_type=\"widget\" data-e-type=\"widget\" data-widget_type=\"renax-contact.default\">\n\t\t\t\t<div class=\"elementor-widget-container\">\n\t\t\t\t\t\t\t\t\t<div class=\"contact-box\">\t\n\t\t\t<div class=\"clear\">\n                <div class=\"item\">\n\t\t\t\t\t\t\t\t\t\t<a \n\t\t\t\t\t\t\t\t\t\t\t\thref=\"mailto:info@rimon.az\"\n\t\t\t\t\t\t\t\t\t\t\t\ttarget=\"_self\" rel=\"noopener noreferrer\">\n\t\t\t\t\t\t\t\t\t\t\t\t<span class=\"icon omfi-envelope\"><\/span>\n\t\t\t\t\t\t\t\t\t\t\t\t\t\t\t\t\t\t<h5 class=\"rx-info-box-title\">E-mail<\/h5>\n\t\t\t\t\t\t\t\t\t\t\t\t<p>\n\t\t\t\t\t\t\t\t\t\t\t\tinfo@rimon.az\t\t\t\t\t\t\t\t\t\t\t\t<\/p> \n\t\t\t\t\t\t\t\t\t\t\t\t<i class=\"numb omfi-envelope\"><\/i>\n\t\t\t\t\t\t\t\t\t\t\t<\/a>\n\t\t\t\t\t                <\/div>\n            <\/div>\n\t\t<\/div>\n\t\t        \t\t\t\t<\/div>\n\t\t\t\t<\/div>\n\t\t\t\t<\/div>\n\t\t<div class=\"elementor-element elementor-element-8bb36d9 e-con-full e-flex e-con e-child\" data-id=\"8bb36d9\" data-element_type=\"container\" data-e-type=\"container\">\n\t\t\t\t<div class=\"elementor-element elementor-element-792b408 elementor-widget elementor-widget-renax-contact\" data-id=\"792b408\" data-element_type=\"widget\" data-e-type=\"widget\" data-widget_type=\"renax-contact.default\">\n\t\t\t\t<div class=\"elementor-widget-container\">\n\t\t\t\t\t\t\t\t\t<div class=\"contact-box\">\t\n\t\t\t<div class=\"clear\">\n                <div class=\"item\">\n\t\t\t\t\t\t\t\t\t\t<a \n\t\t\t\t\t\t\t\t\t\n\t\t\t\t\t\thref=\"https:\/\/maps.app.goo.gl\/cnkLxojXKgWCCKL69\" \n\t\t\t\t\t\t\t\t\t\t\t\ttarget=\"_blank\" rel=\"noopener noreferrer\">\n\t\t\t\t\t\t\t\t\t\t\t\t<span class=\"icon omfi-location\"><\/span>\n\t\t\t\t\t\t\t\t\t\t\t\t\t\t\t\t\t\t<h5 class=\"rx-info-box-title\">\u0410\u0434\u0440\u0435\u0441<\/h5>\n\t\t\t\t\t\t\t\t\t\t\t\t<p>\n\t\t\t\t\t\t\t\t\t\t\t\t\u0411\u0435\u043b\u044b\u0439 \u0433\u043e\u0440\u043e\u0434, 62-\u044f \u0424\u043e\u043d\u0442\u0430\u043d-\u0441\u0442\u0440\u0438\u0442\t\t\t\t\t\t\t\t\t\t\t\t<\/p> \n\t\t\t\t\t\t\t\t\t\t\t\t<i class=\"numb omfi-location\"><\/i>\n\t\t\t\t\t\t\t\t\t\t\t<\/a>\n\t\t\t\t\t                <\/div>\n            <\/div>\n\t\t<\/div>\n\t\t        \t\t\t\t<\/div>\n\t\t\t\t<\/div>\n\t\t\t\t<\/div>\n\t\t<div class=\"elementor-element elementor-element-ee1e447 e-con-full e-flex e-con e-child\" data-id=\"ee1e447\" data-element_type=\"container\" data-e-type=\"container\">\n\t\t\t\t<div class=\"elementor-element elementor-element-9fac9e8 elementor-widget elementor-widget-renax-contact\" data-id=\"9fac9e8\" data-element_type=\"widget\" data-e-type=\"widget\" data-widget_type=\"renax-contact.default\">\n\t\t\t\t<div class=\"elementor-widget-container\">\n\t\t\t\t\t\t\t\t\t<div class=\"contact-box\">\t\n\t\t\t<div class=\"clear\">\n                <div class=\"item\">\n\t\t\t\t\t\t\t\t\t\t<a \n\t\t\t\t\t\t\t\t\t\t\t\ttarget=\"_self\" rel=\"noopener noreferrer\">\n\t\t\t\t\t\t\t\t\t\t\t\t<span class=\"icon ti-time\"><\/span>\n\t\t\t\t\t\t\t\t\t\t\t\t\t\t\t\t\t\t<h5 class=\"rx-info-box-title\">\u041d\u0430\u0448\u0438 \u0440\u0430\u0431\u043e\u0447\u0438\u0435 \u0447\u0430\u0441\u044b<\/h5>\n\t\t\t\t\t\t\t\t\t\t\t\t<p>\n\t\t\t\t\t\t\t\t\t\t\t\t\u041f.\u2013 \u0421\u0443\u0431.: \u0441 10:00 \u0434\u043e 19:00\t\t\t\t\t\t\t\t\t\t\t\t<\/p> \n\t\t\t\t\t\t\t\t\t\t\t\t<i class=\"numb ti-time\"><\/i>\n\t\t\t\t\t\t\t\t\t\t\t<\/a>\n\t\t\t\t\t                <\/div>\n            <\/div>\n\t\t<\/div>\n\t\t        \t\t\t\t<\/div>\n\t\t\t\t<\/div>\n\t\t\t\t<\/div>\n\t\t<div class=\"elementor-element elementor-element-acdb975 e-con-full e-flex e-con e-child\" data-id=\"acdb975\" data-element_type=\"container\" data-e-type=\"container\">\n\t\t\t\t<div class=\"elementor-element elementor-element-74a1629 elementor-widget elementor-widget-renax-contact\" data-id=\"74a1629\" data-element_type=\"widget\" data-e-type=\"widget\" data-widget_type=\"renax-contact.default\">\n\t\t\t\t<div class=\"elementor-widget-container\">\n\t\t\t\t\t\t\t\t\t<div class=\"contact-box\">\t\n\t\t\t<div class=\"clear\">\n                <div class=\"item active\">\n\t\t\t\t\t\t\t\t\t\t<a \n\t\t\t\t\t\t\t\t\t\t\t\thref=\"mailto:+994102390255\"\n\t\t\t\t\t\t\t\t\t\t\t\ttarget=\"_self\" rel=\"noopener noreferrer\">\n\t\t\t\t\t\t\t\t\t\t\t\t<span class=\"icon omfi-phone\"><\/span>\n\t\t\t\t\t\t\t\t\t\t\t\t\t\t\t\t\t\t<h5 class=\"rx-info-box-title\">\u0412\u044b\u0437\u043e\u0432<\/h5>\n\t\t\t\t\t\t\t\t\t\t\t\t<p>\n\t\t\t\t\t\t\t\t\t\t\t\t+99410 239 0255\t\t\t\t\t\t\t\t\t\t\t\t<\/p> \n\t\t\t\t\t\t\t\t\t\t\t\t<i class=\"numb omfi-phone\"><\/i>\n\t\t\t\t\t\t\t\t\t\t\t<\/a>\n\t\t\t\t\t                <\/div>\n            <\/div>\n\t\t<\/div>\n\t\t        \t\t\t\t<\/div>\n\t\t\t\t<\/div>\n\t\t\t\t<\/div>\n\t\t\t\t\t<\/div>\n\t\t\t\t<\/div>\n\t\t<div class=\"elementor-element elementor-element-2ae8765 e-flex e-con-boxed e-con e-parent\" data-id=\"2ae8765\" data-element_type=\"container\" data-e-type=\"container\" data-settings=\"{&quot;background_background&quot;:&quot;classic&quot;}\">\n\t\t\t\t\t<div class=\"e-con-inner\">\n\t\t<div class=\"elementor-element elementor-element-9448099 e-con-full e-flex e-con e-child\" data-id=\"9448099\" data-element_type=\"container\" data-e-type=\"container\">\n\t\t\t\t<div class=\"elementor-element elementor-element-f41c1a8 elementor-widget elementor-widget-renax-simple-title\" data-id=\"f41c1a8\" data-element_type=\"widget\" data-e-type=\"widget\" data-widget_type=\"renax-simple-title.default\">\n\t\t\t\t<div class=\"elementor-widget-container\">\n\t\t\t\t\t\t\t<div class=\"clear text-center\">\n\t\t\t            <div class=\"rx-simple-title white\">\u041d\u0430\u043f\u0438\u0448\u0438\u0442\u0435 \u043d\u0430\u043c<\/div>\n\t\t\t\t\t<\/div>\n\t\t\t\t\t\t<\/div>\n\t\t\t\t<\/div>\n\t\t\t\t<div class=\"elementor-element elementor-element-4fc2bcc elementor-widget elementor-widget-renax-form\" data-id=\"4fc2bcc\" data-element_type=\"widget\" data-e-type=\"widget\" data-widget_type=\"renax-form.default\">\n\t\t\t\t<div class=\"elementor-widget-container\">\n\t\t\t\t\t\t\t\n\t\t<div class=\"clear contact\">\t\t\n\t\t\t<div class=\"clearfix contact__form vc_template\">\t\t\n\t\t\t\t\n<div class=\"wpcf7 no-js\" id=\"wpcf7-f896-o1\" lang=\"en-US\" dir=\"ltr\" data-wpcf7-id=\"896\">\n<div class=\"screen-reader-response\"><p role=\"status\" aria-live=\"polite\" aria-atomic=\"true\"><\/p> <ul><\/ul><\/div>\n<form action=\"\/ru\/wp-json\/wp\/v2\/pages\/511#wpcf7-f896-o1\" method=\"post\" class=\"wpcf7-form init\" aria-label=\"Contact form\" novalidate=\"novalidate\" data-status=\"init\" data-trp-original-action=\"\/ru\/wp-json\/wp\/v2\/pages\/511#wpcf7-f896-o1\">\n<fieldset class=\"hidden-fields-container\"><input type=\"hidden\" name=\"_wpcf7\" value=\"896\" \/><input type=\"hidden\" name=\"_wpcf7_version\" value=\"6.1.5\" \/><input type=\"hidden\" name=\"_wpcf7_locale\" value=\"en_US\" \/><input type=\"hidden\" name=\"_wpcf7_unit_tag\" value=\"wpcf7-f896-o1\" \/><input type=\"hidden\" name=\"_wpcf7_container_post\" value=\"0\" \/><input type=\"hidden\" name=\"_wpcf7_posted_data_hash\" value=\"\" \/>\n<\/fieldset>\n<div class=\"row\">\n\t<div class=\"col-md-6\">\n\t\t<p><span class=\"wpcf7-form-control-wrap\" data-name=\"your-name\"><input size=\"40\" maxlength=\"400\" class=\"wpcf7-form-control wpcf7-text wpcf7-validates-as-required\" autocomplete=\"name\" aria-required=\"true\" aria-invalid=\"false\" placeholder=\"\u0418\u043c\u044f, \u0444\u0430\u043c\u0438\u043b\u0438\u044f*\" value=\"\" type=\"text\" name=\"your-name\" \/><\/span>\n\t\t<\/p>\n\t<\/div>\n\t<div class=\"col-md-6\">\n\t\t<p><span class=\"wpcf7-form-control-wrap\" data-name=\"your-email\"><input size=\"40\" maxlength=\"400\" class=\"wpcf7-form-control wpcf7-email wpcf7-validates-as-required wpcf7-text wpcf7-validates-as-email\" autocomplete=\"email\" aria-required=\"true\" aria-invalid=\"false\" placeholder=\"\u0410\u0434\u0440\u0435\u0441 \u044d\u043b\u0435\u043a\u0442\u0440\u043e\u043d\u043d\u043e\u0439 \u043f\u043e\u0447\u0442\u044b*\" value=\"\" type=\"email\" name=\"your-email\" \/><\/span>\n\t\t<\/p>\n\t<\/div>\n\t<div class=\"col-md-6\">\n\t\t<p><span class=\"wpcf7-form-control-wrap\" data-name=\"number-214\"><input size=\"40\" maxlength=\"400\" class=\"wpcf7-form-control wpcf7-text wpcf7-validates-as-required\" aria-required=\"true\" aria-invalid=\"false\" placeholder=\"\u0422\u0435\u043b\u0435\u0444\u043e\u043d*\" value=\"\" type=\"text\" name=\"number-214\" \/><\/span>\n\t\t<\/p>\n\t<\/div>\n\t<div class=\"col-md-6\">\n\t\t<p><span class=\"wpcf7-form-control-wrap\" data-name=\"your-subject\"><input size=\"40\" maxlength=\"400\" class=\"wpcf7-form-control wpcf7-text wpcf7-validates-as-required\" aria-required=\"true\" aria-invalid=\"false\" placeholder=\"\u041f\u0440\u0435\u0434\u043c\u0435\u0442*\" value=\"\" type=\"text\" name=\"your-subject\" \/><\/span>\n\t\t<\/p>\n\t<\/div>\n\t<div class=\"col-md-12\">\n\t\t<p><span class=\"wpcf7-form-control-wrap\" data-name=\"your-message\"><textarea cols=\"40\" rows=\"10\" maxlength=\"2000\" class=\"wpcf7-form-control wpcf7-textarea\" aria-invalid=\"false\" name=\"your-message\"><\/textarea><\/span><br \/>\n<div class=\"wpcf7-form-control has-spinner wpcf7-submit\"><button class=\"booking-button mt-15 cursor-pointer\">\u041e\u0442\u043f\u0440\u0430\u0432\u043b\u044f\u0442\u044c<\/button><\/div>\n\t\t<\/p>\n\t<\/div>\n<\/div><div class=\"wpcf7-response-output\" aria-hidden=\"true\"><\/div>\n<input type=\"hidden\" name=\"trp-form-language\" value=\"ru\"\/><\/form>\n<\/div>\n\t\t\t<\/div>\t\t\t\t\t\t\t\t\t\t\n\t\t<\/div>\n\t\t\n        \t\t\t\t<\/div>\n\t\t\t\t<\/div>\n\t\t\t\t<\/div>\n\t\t<div class=\"elementor-element elementor-element-7745fe4 e-con-full e-flex e-con e-child\" data-id=\"7745fe4\" data-element_type=\"container\" data-e-type=\"container\">\n\t\t\t\t<\/div>\n\t\t<div class=\"elementor-element elementor-element-c2c7518 e-con-full e-flex e-con e-child\" data-id=\"c2c7518\" data-element_type=\"container\" data-e-type=\"container\">\n\t\t\t\t<div class=\"elementor-element elementor-element-caf5879 elementor-widget elementor-widget-google_maps\" data-id=\"caf5879\" data-element_type=\"widget\" data-e-type=\"widget\" data-widget_type=\"google_maps.default\">\n\t\t\t\t\t\t\t<div class=\"elementor-custom-embed\">\n\t\t\t<iframe loading=\"lazy\"\n\t\t\t\t\tsrc=\"https:\/\/maps.google.com\/maps?q=Demirchi%20to&#038;t=m&#038;z=15&#038;output=embed&#038;iwloc=near\"\n\t\t\t\t\ttitle=\"Demirchi to\"\n\t\t\t\t\taria-label=\"Demirchi to\"\n\t\t\t><\/iframe>\n\t\t<\/div>\n\t\t\t\t\t\t<\/div>\n\t\t\t\t<\/div>\n\t\t\t\t\t<\/div>\n\t\t\t\t<\/div>\n\t\t<div class=\"elementor-element elementor-element-7ba17af e-flex e-con-boxed e-con e-parent\" data-id=\"7ba17af\" data-element_type=\"container\" data-e-type=\"container\" data-settings=\"{&quot;background_background&quot;:&quot;classic&quot;}\">\n\t\t\t\t\t<div class=\"e-con-inner\">\n\t\t\t\t<div class=\"elementor-element elementor-element-321876a elementor-widget elementor-widget-renax-sec-title\" data-id=\"321876a\" data-element_type=\"widget\" data-e-type=\"widget\" data-widget_type=\"renax-sec-title.default\">\n\t\t\t\t<div class=\"elementor-widget-container\">\n\t\t\t\t\t\t\t<div class=\"about text-center\">\n\t\t\t\t\t\t<div class=\"section-subtitle\">\u0412\u043e\u0437\u044c\u043c\u0438\u0442\u0435 \u043c\u0430\u0448\u0438\u043d\u0443 \u0432 \u0430\u0440\u0435\u043d\u0434\u0443<\/div>\n\t\t\t\t\t\t            <div class=\"section-title white\">\u0412\u0430\u0441 \u0438\u043d\u0442\u0435\u0440\u0435\u0441\u0443\u0435\u0442 \u0430\u0440\u0435\u043d\u0434\u0430?<\/div>\n\t\t\t\t\t\t            <p class=\"rx-lets-talk white\">\u041e\u0431\u0440\u0430\u0449\u0430\u0439\u0442\u0435\u0441\u044c \u043a \u043d\u0430\u043c \u0431\u0435\u0437 \u043a\u043e\u043b\u0435\u0431\u0430\u043d\u0438\u0439 \u0438 \u0431\u044b\u0441\u0442\u0440\u043e \u0437\u0430\u043a\u0430\u0436\u0438\u0442\u0435 \u0436\u0435\u043b\u0430\u0435\u043c\u044b\u0439 \u0430\u0432\u0442\u043e\u043c\u043e\u0431\u0438\u043b\u044c.<\/p>\n\t\t\t\t\t<\/div>\n\t\t\t\t\t\t<\/div>\n\t\t\t\t<\/div>\n\t\t<div class=\"elementor-element elementor-element-6fd2d24 e-flex e-con-boxed e-con e-child\" data-id=\"6fd2d24\" data-element_type=\"container\" data-e-type=\"container\">\n\t\t\t\t\t<div class=\"e-con-inner\">\n\t\t\t\t<div class=\"elementor-element elementor-element-ec2c396 elementor-widget elementor-widget-renax-button\" data-id=\"ec2c396\" data-element_type=\"widget\" data-e-type=\"widget\" data-widget_type=\"renax-button.default\">\n\t\t\t\t<div class=\"elementor-widget-container\">\n\t\t\t\t\t        \t\t<div class=\"sec-button float-left clear\">\t\t\t\n\t\t\t<a class=\"button-1 rx-icon-left\"\n\t\t\t\t\t\t\n\t\t\thref=\"http:\/\/wa.me\/994102390255\" \n\t\t\t\t\t\ttarget=\"_blank\" rel=\"noopener noreferrer\">\n\t\t\t\t\t\t\t\t\t\t<svg aria-hidden=\"true\" class=\"e-font-icon-svg e-fab-whatsapp\" viewbox=\"0 0 448 512\" xmlns=\"http:\/\/www.w3.org\/2000\/svg\"><path d=\"M380.9 97.1C339 55.1 283.2 32 223.9 32c-122.4 0-222 99.6-222 222 0 39.1 10.2 77.3 29.6 111L0 480l117.7-30.9c32.4 17.7 68.9 27 106.1 27h.1c122.3 0 224.1-99.6 224.1-222 0-59.3-25.2-115-67.1-157zm-157 341.6c-33.2 0-65.7-8.9-94-25.7l-6.7-4-69.8 18.3L72 359.2l-4.4-7c-18.5-29.4-28.2-63.3-28.2-98.2 0-101.7 82.8-184.5 184.6-184.5 49.3 0 95.6 19.2 130.4 54.1 34.8 34.9 56.2 81.2 56.1 130.5 0 101.8-84.9 184.6-186.6 184.6zm101.2-138.2c-5.5-2.8-32.8-16.2-37.9-18-5.1-1.9-8.8-2.8-12.5 2.8-3.7 5.6-14.3 18-17.6 21.8-3.2 3.7-6.5 4.2-12 1.4-32.6-16.3-54-29.1-75.5-66-5.7-9.8 5.7-9.1 16.3-30.3 1.8-3.7.9-6.9-.5-9.7-1.4-2.8-12.5-30.1-17.1-41.2-4.5-10.8-9.1-9.3-12.5-9.5-3.2-.2-6.9-.2-10.6-.2-3.7 0-9.7 1.4-14.8 6.9-5.1 5.6-19.4 19-19.4 46.3 0 27.3 19.9 53.7 22.6 57.4 2.8 3.7 39.1 59.7 94.8 83.8 35.2 15.2 49 16.5 66.6 13.9 10.7-1.6 32.8-13.4 37.4-26.4 4.6-13 4.6-24.1 3.2-26.4-1.3-2.5-5-3.9-10.5-6.6z\"><\/path><\/svg>\t\t\t\t\n\t\t\tWhatsApp \n\t\t\t\t\t\t<\/a>\t\n\t\t<\/div>\t\t\n        \t\n\t\t\n        \t\t\t\t<\/div>\n\t\t\t\t<\/div>\n\t\t\t\t<div class=\"elementor-element elementor-element-d1915ea elementor-widget elementor-widget-renax-button\" data-id=\"d1915ea\" data-element_type=\"widget\" data-e-type=\"widget\" data-widget_type=\"renax-button.default\">\n\t\t\t\t<div class=\"elementor-widget-container\">\n\t\t\t\t\t        \t\t<div class=\"sec-button float-left clear\">\t\t\t\n\t\t\t<a class=\"button-2\"\n\t\t\t\t\t\t\n\t\t\thref=\"https:\/\/webredox.net\/demo\/wp\/renax\/demo2\/car-listing\/\" \n\t\t\t\t\t\ttarget=\"_self\" rel=\"noopener noreferrer\">\n\t\t\t\t\t\t\u0417\u0430\u043a\u0430\u0437 \n\t\t\t\t\t\t\n\t\t\t\t<span class=\"ti-arrow-top-right\"><\/span>\n\t\t\t\t\n\t\t\t\t\t\t<\/a>\t\n\t\t<\/div>\t\t\n        \t\n\t\t\n        \t\t\t\t<\/div>\n\t\t\t\t<\/div>\n\t\t\t\t\t<\/div>\n\t\t\t\t<\/div>\n\t\t\t\t\t<\/div>\n\t\t\t\t<\/div>\n\t\t<div class=\"elementor-element elementor-element-3d477ef e-flex e-con-boxed e-con e-parent\" data-id=\"3d477ef\" data-element_type=\"container\" data-e-type=\"container\" data-settings=\"{&quot;background_background&quot;:&quot;classic&quot;}\">\n\t\t\t\t\t<div class=\"e-con-inner\">\n\t\t\t\t<div class=\"elementor-element elementor-element-0a8b545 elementor-widget elementor-widget-renax-clients\" data-id=\"0a8b545\" data-element_type=\"widget\" data-e-type=\"widget\" data-widget_type=\"renax-clients.default\">\n\t\t\t\t<div class=\"elementor-widget-container\">\n\t\t\t\t\t\n\t\t<div class=\"clients clear\">\n\t\t\t<div class=\"owl-carousel owl-theme\" data-carousel-autoplay=\"true\" data-carousel-speed=\"1000\" data-carousel-timeout=\"5000\" data-carousel-nav=\"false\" data-rtl=\"false\" data-carousel-dots-mobile=\"false\" data-carousel-dots=\"false\" data-carousel-columns=\"6\">\n\t\t\t\t\t\t\t\t<div class=\"clients-logo\">\n\t\t\t\t    \t\t\t\t\t<a href=\"#\" target=\"_self\" rel=\"noopener noreferrer\">\n\t\t\t\t\t\t\t\t\t\t\t\n\t\t\t\t\t<img decoding=\"async\" src=\"https:\/\/rimon.az\/wp-content\/uploads\/2025\/10\/2logo-car-rimon-22.png\" alt=\"\">\t\t\t\t\n\t\t\t\t\t\t\t\t\t\t<\/a>\n\t\t\t\t\t\t\t\t\n\t\t\t\t<\/div>\t\n\t\t\t\t\t\t\t\t<div class=\"clients-logo\">\n\t\t\t\t    \t\t\t\t\t<a href=\"#\" target=\"_self\" rel=\"noopener noreferrer\">\n\t\t\t\t\t\t\t\t\t\t\t\n\t\t\t\t\t<img decoding=\"async\" src=\"https:\/\/rimon.az\/wp-content\/uploads\/2025\/10\/1car-logo-rimon.png\" alt=\"\">\t\t\t\t\n\t\t\t\t\t\t\t\t\t\t<\/a>\n\t\t\t\t\t\t\t\t\n\t\t\t\t<\/div>\t\n\t\t\t\t\t\t\t\t<div class=\"clients-logo\">\n\t\t\t\t    \t\t\t\t\t<a href=\"#\" target=\"_self\" rel=\"noopener noreferrer\">\n\t\t\t\t\t\t\t\t\t\t\t\n\t\t\t\t\t<img decoding=\"async\" src=\"https:\/\/rimon.az\/wp-content\/uploads\/2025\/08\/car-logo-rimon-1.png\" alt=\"\">\t\t\t\t\n\t\t\t\t\t\t\t\t\t\t<\/a>\n\t\t\t\t\t\t\t\t\n\t\t\t\t<\/div>\t\n\t\t\t\t\t\t\t\t<div class=\"clients-logo\">\n\t\t\t\t    \t\t\t\t\t<a href=\"#\" target=\"_self\" rel=\"noopener noreferrer\">\n\t\t\t\t\t\t\t\t\t\t\t\n\t\t\t\t\t<img decoding=\"async\" src=\"https:\/\/rimon.az\/wp-content\/uploads\/2025\/10\/3car-logo-rimon.png\" alt=\"\">\t\t\t\t\n\t\t\t\t\t\t\t\t\t\t<\/a>\n\t\t\t\t\t\t\t\t\n\t\t\t\t<\/div>\t\n\t\t\t\t\t\t\t<\/div>\t\t\n\t\t<\/div>\t\t\n\n        \t\t\t\t<\/div>\n\t\t\t\t<\/div>\n\t\t\t\t\t<\/div>\n\t\t\t\t<\/div>\n\t\t\t\t<\/div>","protected":false},"excerpt":{"rendered":"<p>Biziml\u0259 \u0259laq\u0259 \u018flaq\u0259 E-po\u00e7t info@rimon.az \u00dcnvan A\u011f \u015e\u0259h\u0259r, 62-ci F\u0259vvar\u0259l\u0259r k\u00fc\u00e7\u0259si \u0130\u015f saatlar\u0131m\u0131z B.ert\u0259si-\u015e\u0259nb\u0259: 10:00-19:00 Z\u0259ng et +99410 239 0255 BIz\u0259 yaz\u0131n G\u00f6nd\u0259r Avtomobilinizi icar\u0259 edin \u0130car\u0259 il\u0259 maraqlan\u0131rs\u0131n\u0131z? T\u0259r\u0259dd\u00fcd etm\u0259d\u0259n biziml\u0259 \u0259laq\u0259 saxlay\u0131n v\u0259 ist\u0259diyiniz avtomobili s\u00fcr\u0259tli \u015f\u0259kild\u0259 sifari\u015f edin. WhatsApp Sifari\u015f et<\/p>","protected":false},"author":1,"featured_media":0,"parent":0,"menu_order":0,"comment_status":"closed","ping_status":"closed","template":"","meta":{"footnotes":""},"class_list":["post-511","page","type-page","status-publish","hentry"],"meta_box":[],"_links":{"self":[{"href":"https:\/\/rimon.az\/ru\/wp-json\/wp\/v2\/pages\/511","targetHints":{"allow":["GET"]}}],"collection":[{"href":"https:\/\/rimon.az\/ru\/wp-json\/wp\/v2\/pages"}],"about":[{"href":"https:\/\/rimon.az\/ru\/wp-json\/wp\/v2\/types\/page"}],"author":[{"embeddable":true,"href":"https:\/\/rimon.az\/ru\/wp-json\/wp\/v2\/users\/1"}],"replies":[{"embeddable":true,"href":"https:\/\/rimon.az\/ru\/wp-json\/wp\/v2\/comments?post=511"}],"version-history":[{"count":52,"href":"https:\/\/rimon.az\/ru\/wp-json\/wp\/v2\/pages\/511\/revisions"}],"predecessor-version":[{"id":1765,"href":"https:\/\/rimon.az\/ru\/wp-json\/wp\/v2\/pages\/511\/revisions\/1765"}],"wp:attachment":[{"href":"https:\/\/rimon.az\/ru\/wp-json\/wp\/v2\/media?parent=511"}],"curies":[{"name":"wp","href":"https:\/\/api.w.org\/{rel}","templated":true}]}}