{"id":707,"date":"2024-04-24T05:46:25","date_gmt":"2024-04-24T05:46:25","guid":{"rendered":"https:\/\/webredox.net\/demo\/wp\/renax\/?page_id=707"},"modified":"2025-11-06T02:40:32","modified_gmt":"2025-11-06T02:40:32","slug":"bloq-rimon","status":"publish","type":"page","link":"https:\/\/rimon.az\/ru\/bloq-rimon\/","title":{"rendered":"\u0411\u043b\u043e\u0433"},"content":{"rendered":"<div data-elementor-type=\"wp-page\" data-elementor-id=\"707\" class=\"elementor elementor-707\" data-elementor-post-type=\"page\">\n\t\t\t\t<div class=\"elementor-element elementor-element-4c6062cc e-con-full e-flex e-con e-parent\" data-id=\"4c6062cc\" data-element_type=\"container\" data-e-type=\"container\">\n\t\t\t\t<div class=\"elementor-element elementor-element-2dce153b elementor-widget elementor-widget-renax-banner-simple\" data-id=\"2dce153b\" data-element_type=\"widget\" data-e-type=\"widget\" data-widget_type=\"renax-banner-simple.default\">\n\t\t\t\t<div class=\"elementor-widget-container\">\n\t\t\t\t\t\t\t<section class=\"banner-header section-padding bg-img-c bg-img bg-fixed\" data-overlay-dark=\"5\" data-background=\"https:\/\/rimon.az\/wp-content\/uploads\/2025\/09\/V-class-06.jpg\" data-position=\"bottom center\">\n        <div class=\"v-middle\">\n            <div class=\"container\">\n                <div class=\"row\">\n                    <div class=\"col-md-12 offset-md-0 text-center\">\n                        \t\t\t\t\t\t<h6 class=\"rx-df-page-banner-subtitle\">\u018fn son yenilikl\u0259r<\/h6>\n\t\t\t\t\t\t                        \t\t\t\t\t\t<h1 class=\"rx-df-page-banner-title\">\n\t\t\t\t\t\t\u0411\u043b\u043e\u0433 <span> v\u0259 x\u0259b\u0259rl\u0259r<\/span>\t\t\t\t\t\t<\/h1>\n\t\t\t\t\t\t\t\t\t\t\t\t                    <\/div>\n                <\/div>\n            <\/div>\n        <\/div>\n\t\t<\/section>\t\n\t\t\t\t\t\t<\/div>\n\t\t\t\t<\/div>\n\t\t\t\t<\/div>\n\t\t<div class=\"elementor-element elementor-element-6322902 e-flex e-con-boxed e-con e-parent\" data-id=\"6322902\" data-element_type=\"container\" data-e-type=\"container\">\n\t\t\t\t\t<div class=\"e-con-inner\">\n\t\t\t\t<div class=\"elementor-element elementor-element-b758e9c elementor-widget elementor-widget-renax-vertical\" data-id=\"b758e9c\" data-element_type=\"widget\" data-e-type=\"widget\" data-widget_type=\"renax-vertical.default\">\n\t\t\t\t<div class=\"elementor-widget-container\">\n\t\t\t\t\t\t\t\n\t\t<!-- hr -->\n        <hr class=\"line-vr-section\">\n        \t\t\t\t<\/div>\n\t\t\t\t<\/div>\n\t\t\t\t\t<\/div>\n\t\t\t\t<\/div>\n\t\t<div class=\"elementor-element elementor-element-d8931ea e-flex e-con-boxed e-con e-parent\" data-id=\"d8931ea\" data-element_type=\"container\" data-e-type=\"container\">\n\t\t\t\t\t<div class=\"e-con-inner\">\n\t\t\t\t<div class=\"elementor-element elementor-element-6170409 elementor-widget elementor-widget-renax-blog-grid\" data-id=\"6170409\" data-element_type=\"widget\" data-e-type=\"widget\" data-widget_type=\"renax-blog-grid.default\">\n\t\t\t\t<div class=\"elementor-widget-container\">\n\t\t\t\t\t\t\t\t\t<div class=\"blog1\">\n\t\t\t\t\t\t<div class=\"container-after\">\n\t\t\t\t\t\t\t<div class=\"row isotope-items-wrap-post  no-hide-last loadmore-wrapper-post\" data-load-item=\"6\" data-button-text=\"Daha \u0259trafl\u0131\">\n\t\t\t\t\t\t\t\t\t\t\t\t\t\t\t<div class=\"isotope-item col-lg-4  col-md-6 vehicles\">\n\t\t\t\t\t<div class=\"item mb-45\">\n\t\t\t\t\t\t\t\t\t\t\t\t<div class=\"img position-re-order-blog-carousel o-hidden\">\n\t\t\t\t\t\t\t<div class=\"cd-pt-ab\">\n\t\t\t\t\t\t\t\t<img decoding=\"async\" src=\"https:\/\/rimon.az\/wp-content\/uploads\/2025\/11\/S-class-04.jpg\" class=\"rx-border-radius\" alt=\"Rimon VIP Chauffeur Xidm\u0259tind\u0259 T\u0259hl\u00fck\u0259sizlik v\u0259 Komfort\" >\n\t\t\t\t\t\t\t<\/div>\n\t\t\t\t\t\t<\/div>\n\t\t\t\t\t\t\t\t\t\t\t\t<div class=\"wrapper\">\n\t\t\t\t\t\t\t<div class=\"date\"> <a href=\"https:\/\/rimon.az\/ru\/rimon-vip-chauffer-xidmetinde-tehlukesizlik-ve-komfort\/\">30 \u0441\u0435\u043d\u0442\u044f\u0431\u0440\u044f, 2025<\/a> <\/div>\n\t\t\t\t\t\t\t<div class=\"con\">\n\t\t\t\t\t\t\t\t<div class=\"category\"> <a href=\"https:\/\/rimon.az\/ru\/author\/javid-shahmuradovgmail-com\/\" class=\"rx-author\"><i class=\"ti-user\"><\/i>javid.shahmuradov@gmail.com<\/a> <a href=\"https:\/\/rimon.az\/ru\/rimon-vip-chauffer-xidmetinde-tehlukesizlik-ve-komfort\/\"><i class=\"ti-folder\"><\/i><a class=\"cat-divider\" href=\"https:\/\/rimon.az\/ru\/category\/vehicles\/\">Vehicles  <\/a><\/a> <\/div>\n\t\t\t\t\t\t\t\t<div class=\"text\"> <a href=\"https:\/\/rimon.az\/ru\/rimon-vip-chauffer-xidmetinde-tehlukesizlik-ve-komfort\/\">Rimon VIP Chauffeur Xidm\u0259tind\u0259 T\u0259hl\u00fck\u0259sizlik v\u0259 Komfort<\/a> <\/div> <a href=\"https:\/\/rimon.az\/ru\/rimon-vip-chauffer-xidmetinde-tehlukesizlik-ve-komfort\/\" class=\"icon-btn\"><i class=\"ti-arrow-top-right\"><\/i><\/a>\n\t\t\t\t\t\t\t<\/div>\n\t\t\t\t\t\t<\/div>\n\t\t\t\t\t<\/div>\n\t\t\t\t\t<\/div>\n\t\t\t\t\t\t\t\t\t\t\t\t\t\t\t<div class=\"isotope-item col-lg-4  col-md-6 rental-service\">\n\t\t\t\t\t<div class=\"item mb-45\">\n\t\t\t\t\t\t\t\t\t\t\t\t<div class=\"img position-re-order-blog-carousel o-hidden\">\n\t\t\t\t\t\t\t<div class=\"cd-pt-ab\">\n\t\t\t\t\t\t\t\t<img decoding=\"async\" src=\"https:\/\/rimon.az\/wp-content\/uploads\/2025\/11\/S-class-03.jpg\" class=\"rx-border-radius\" alt=\"T\u0259dbirl\u0259rd\u0259 L\u00fcks N\u0259qliyyat Se\u00e7iml\u0259ri\" >\n\t\t\t\t\t\t\t<\/div>\n\t\t\t\t\t\t<\/div>\n\t\t\t\t\t\t\t\t\t\t\t\t<div class=\"wrapper\">\n\t\t\t\t\t\t\t<div class=\"date\"> <a href=\"https:\/\/rimon.az\/ru\/tedbirlerde-luks-neqliyyat-secimleri\/\">30 \u0441\u0435\u043d\u0442\u044f\u0431\u0440\u044f, 2025<\/a> <\/div>\n\t\t\t\t\t\t\t<div class=\"con\">\n\t\t\t\t\t\t\t\t<div class=\"category\"> <a href=\"https:\/\/rimon.az\/ru\/author\/javid-shahmuradovgmail-com\/\" class=\"rx-author\"><i class=\"ti-user\"><\/i>javid.shahmuradov@gmail.com<\/a> <a href=\"https:\/\/rimon.az\/ru\/tedbirlerde-luks-neqliyyat-secimleri\/\"><i class=\"ti-folder\"><\/i><a class=\"cat-divider\" href=\"https:\/\/rimon.az\/ru\/category\/rental-service\/\">Rental Service  <\/a><\/a> <\/div>\n\t\t\t\t\t\t\t\t<div class=\"text\"> <a href=\"https:\/\/rimon.az\/ru\/tedbirlerde-luks-neqliyyat-secimleri\/\">T\u0259dbirl\u0259rd\u0259 L\u00fcks N\u0259qliyyat Se\u00e7iml\u0259ri<\/a> <\/div> <a href=\"https:\/\/rimon.az\/ru\/tedbirlerde-luks-neqliyyat-secimleri\/\" class=\"icon-btn\"><i class=\"ti-arrow-top-right\"><\/i><\/a>\n\t\t\t\t\t\t\t<\/div>\n\t\t\t\t\t\t<\/div>\n\t\t\t\t\t<\/div>\n\t\t\t\t\t<\/div>\n\t\t\t\t\t\t\t\t\t\t\t\t\t\t\t<div class=\"isotope-item col-lg-4  col-md-6 uncategorized\">\n\t\t\t\t\t<div class=\"item mb-45\">\n\t\t\t\t\t\t\t\t\t\t\t\t<div class=\"img position-re-order-blog-carousel o-hidden\">\n\t\t\t\t\t\t\t<div class=\"cd-pt-ab\">\n\t\t\t\t\t\t\t\t<img decoding=\"async\" src=\"https:\/\/rimon.az\/wp-content\/uploads\/2025\/11\/1ricon-qarisiqg-photos.jpg\" class=\"rx-border-radius\" alt=\"VIP N\u0259qliyyat Xidm\u0259tl\u0259rinin \u00dcst\u00fcnl\u00fckl\u0259ri\" >\n\t\t\t\t\t\t\t<\/div>\n\t\t\t\t\t\t<\/div>\n\t\t\t\t\t\t\t\t\t\t\t\t<div class=\"wrapper\">\n\t\t\t\t\t\t\t<div class=\"date\"> <a href=\"https:\/\/rimon.az\/ru\/vip-neqliyyat-xidmetlerinin-ustunlukleri\/\">5 \u043c\u0430\u044f, 2024<\/a> <\/div>\n\t\t\t\t\t\t\t<div class=\"con\">\n\t\t\t\t\t\t\t\t<div class=\"category\"> <a href=\"https:\/\/rimon.az\/ru\/author\/javid-shahmuradovgmail-com\/\" class=\"rx-author\"><i class=\"ti-user\"><\/i>javid.shahmuradov@gmail.com<\/a> <a href=\"https:\/\/rimon.az\/ru\/vip-neqliyyat-xidmetlerinin-ustunlukleri\/\"><i class=\"ti-folder\"><\/i><a class=\"cat-divider\" href=\"https:\/\/rimon.az\/ru\/category\/uncategorized\/\">Uncategorized  <\/a><\/a> <\/div>\n\t\t\t\t\t\t\t\t<div class=\"text\"> <a href=\"https:\/\/rimon.az\/ru\/vip-neqliyyat-xidmetlerinin-ustunlukleri\/\">VIP N\u0259qliyyat Xidm\u0259tl\u0259rinin \u00dcst\u00fcnl\u00fckl\u0259ri<\/a> <\/div> <a href=\"https:\/\/rimon.az\/ru\/vip-neqliyyat-xidmetlerinin-ustunlukleri\/\" class=\"icon-btn\"><i class=\"ti-arrow-top-right\"><\/i><\/a>\n\t\t\t\t\t\t\t<\/div>\n\t\t\t\t\t\t<\/div>\n\t\t\t\t\t<\/div>\n\t\t\t\t\t<\/div>\n\t\t\t\t\t\t\t\t\t\t\t\t\t\t\t<div class=\"isotope-item col-lg-4  col-md-6 rent-a-car\">\n\t\t\t\t\t<div class=\"item mb-45\">\n\t\t\t\t\t\t\t\t\t\t\t\t<div class=\"img position-re-order-blog-carousel o-hidden\">\n\t\t\t\t\t\t\t<div class=\"cd-pt-ab\">\n\t\t\t\t\t\t\t\t<img decoding=\"async\" src=\"https:\/\/rimon.az\/wp-content\/uploads\/2025\/11\/5ricon-qarisiqg-photos.jpg\" class=\"rx-border-radius\" alt=\"Hava Liman\u0131 Transferind\u0259 Rahatl\u0131\u011f\u0131n Sirri\" >\n\t\t\t\t\t\t\t<\/div>\n\t\t\t\t\t\t<\/div>\n\t\t\t\t\t\t\t\t\t\t\t\t<div class=\"wrapper\">\n\t\t\t\t\t\t\t<div class=\"date\"> <a href=\"https:\/\/rimon.az\/ru\/hava-limani-transferinde-rahatligin-sirri\/\">5 \u043c\u0430\u044f, 2024<\/a> <\/div>\n\t\t\t\t\t\t\t<div class=\"con\">\n\t\t\t\t\t\t\t\t<div class=\"category\"> <a href=\"https:\/\/rimon.az\/ru\/author\/javid-shahmuradovgmail-com\/\" class=\"rx-author\"><i class=\"ti-user\"><\/i>javid.shahmuradov@gmail.com<\/a> <a href=\"https:\/\/rimon.az\/ru\/hava-limani-transferinde-rahatligin-sirri\/\"><i class=\"ti-folder\"><\/i><a class=\"cat-divider\" href=\"https:\/\/rimon.az\/ru\/category\/rent-a-car\/\">Rent A Car  <\/a><\/a> <\/div>\n\t\t\t\t\t\t\t\t<div class=\"text\"> <a href=\"https:\/\/rimon.az\/ru\/hava-limani-transferinde-rahatligin-sirri\/\">Hava Liman\u0131 Transferind\u0259 Rahatl\u0131\u011f\u0131n Sirri<\/a> <\/div> <a href=\"https:\/\/rimon.az\/ru\/hava-limani-transferinde-rahatligin-sirri\/\" class=\"icon-btn\"><i class=\"ti-arrow-top-right\"><\/i><\/a>\n\t\t\t\t\t\t\t<\/div>\n\t\t\t\t\t\t<\/div>\n\t\t\t\t\t<\/div>\n\t\t\t\t\t<\/div>\n\t\t\t\t\t\t\t\t\t\t\t\t\t\t\t<div class=\"isotope-item col-lg-4  col-md-6 vehicles\">\n\t\t\t\t\t<div class=\"item mb-45\">\n\t\t\t\t\t\t\t\t\t\t\t\t<div class=\"img position-re-order-blog-carousel o-hidden\">\n\t\t\t\t\t\t\t<div class=\"cd-pt-ab\">\n\t\t\t\t\t\t\t\t<img decoding=\"async\" src=\"https:\/\/rimon.az\/wp-content\/uploads\/2025\/11\/S-class-01.jpg\" class=\"rx-border-radius\" alt=\"L\u00fcks Avtomobil Se\u00e7\u0259rk\u0259n N\u0259l\u0259r\u0259 Diqq\u0259t Etm\u0259k Laz\u0131md\u0131r?\" >\n\t\t\t\t\t\t\t<\/div>\n\t\t\t\t\t\t<\/div>\n\t\t\t\t\t\t\t\t\t\t\t\t<div class=\"wrapper\">\n\t\t\t\t\t\t\t<div class=\"date\"> <a href=\"https:\/\/rimon.az\/ru\/luks-avtomobil-sercerken-nelere-diqqet-etmek-lazimdir\/\">5 \u043c\u0430\u044f, 2024<\/a> <\/div>\n\t\t\t\t\t\t\t<div class=\"con\">\n\t\t\t\t\t\t\t\t<div class=\"category\"> <a href=\"https:\/\/rimon.az\/ru\/author\/javid-shahmuradovgmail-com\/\" class=\"rx-author\"><i class=\"ti-user\"><\/i>javid.shahmuradov@gmail.com<\/a> <a href=\"https:\/\/rimon.az\/ru\/luks-avtomobil-sercerken-nelere-diqqet-etmek-lazimdir\/\"><i class=\"ti-folder\"><\/i><a class=\"cat-divider\" href=\"https:\/\/rimon.az\/ru\/category\/vehicles\/\">Vehicles  <\/a><\/a> <\/div>\n\t\t\t\t\t\t\t\t<div class=\"text\"> <a href=\"https:\/\/rimon.az\/ru\/luks-avtomobil-sercerken-nelere-diqqet-etmek-lazimdir\/\">L\u00fcks Avtomobil Se\u00e7\u0259rk\u0259n N\u0259l\u0259r\u0259 Diqq\u0259t Etm\u0259k Laz\u0131md\u0131r?<\/a> <\/div> <a href=\"https:\/\/rimon.az\/ru\/luks-avtomobil-sercerken-nelere-diqqet-etmek-lazimdir\/\" class=\"icon-btn\"><i class=\"ti-arrow-top-right\"><\/i><\/a>\n\t\t\t\t\t\t\t<\/div>\n\t\t\t\t\t\t<\/div>\n\t\t\t\t\t<\/div>\n\t\t\t\t\t<\/div>\n\t\t\t\t\t\t\t\t\t\t\t\t\t\t\t<div class=\"isotope-item col-lg-4  col-md-6 cars\">\n\t\t\t\t\t<div class=\"item mb-45\">\n\t\t\t\t\t\t\t\t\t\t\t\t<div class=\"img position-re-order-blog-carousel o-hidden\">\n\t\t\t\t\t\t\t<div class=\"cd-pt-ab\">\n\t\t\t\t\t\t\t\t<img decoding=\"async\" src=\"https:\/\/rimon.az\/wp-content\/uploads\/2025\/09\/V-class-05.jpg\" class=\"rx-border-radius\" alt=\"Biznes S\u0259f\u0259rl\u0259rind\u0259 VIP Chauffeur Xidm\u0259tinin \u018fh\u0259miyy\u0259ti\" >\n\t\t\t\t\t\t\t<\/div>\n\t\t\t\t\t\t<\/div>\n\t\t\t\t\t\t\t\t\t\t\t\t<div class=\"wrapper\">\n\t\t\t\t\t\t\t<div class=\"date\"> <a href=\"https:\/\/rimon.az\/ru\/biznes-sererlerinde-vip-chauffer-xidemetinin-ehemiyyeti\/\">17 \u0430\u043f\u0440\u0435\u043b\u044f, 2024<\/a> <\/div>\n\t\t\t\t\t\t\t<div class=\"con\">\n\t\t\t\t\t\t\t\t<div class=\"category\"> <a href=\"https:\/\/rimon.az\/ru\/author\/javid-shahmuradovgmail-com\/\" class=\"rx-author\"><i class=\"ti-user\"><\/i>javid.shahmuradov@gmail.com<\/a> <a href=\"https:\/\/rimon.az\/ru\/biznes-sererlerinde-vip-chauffer-xidemetinin-ehemiyyeti\/\"><i class=\"ti-folder\"><\/i><a class=\"cat-divider\" href=\"https:\/\/rimon.az\/ru\/category\/cars\/\">Cars  <\/a><\/a> <\/div>\n\t\t\t\t\t\t\t\t<div class=\"text\"> <a href=\"https:\/\/rimon.az\/ru\/biznes-sererlerinde-vip-chauffer-xidemetinin-ehemiyyeti\/\">Biznes S\u0259f\u0259rl\u0259rind\u0259 VIP Chauffeur Xidm\u0259tinin \u018fh\u0259miyy\u0259ti<\/a> <\/div> <a href=\"https:\/\/rimon.az\/ru\/biznes-sererlerinde-vip-chauffer-xidemetinin-ehemiyyeti\/\" class=\"icon-btn\"><i class=\"ti-arrow-top-right\"><\/i><\/a>\n\t\t\t\t\t\t\t<\/div>\n\t\t\t\t\t\t<\/div>\n\t\t\t\t\t<\/div>\n\t\t\t\t\t<\/div>\n\t\t\t\t\t\t\t\t\t<\/div>\n\t\t\t<\/div>\n\t\t<\/div>\n\t\t\t\t\t\t\t\t<\/div>\n\t\t\t\t<\/div>\n\t\t\t\t\t<\/div>\n\t\t\t\t<\/div>\n\t\t<div class=\"elementor-element elementor-element-1639243e e-flex e-con-boxed e-con e-parent\" data-id=\"1639243e\" data-element_type=\"container\" data-e-type=\"container\" data-settings=\"{&quot;background_background&quot;:&quot;classic&quot;}\">\n\t\t\t\t\t<div class=\"e-con-inner\">\n\t\t\t\t<div class=\"elementor-element elementor-element-62de2a86 elementor-widget elementor-widget-renax-sec-title\" data-id=\"62de2a86\" data-element_type=\"widget\" data-e-type=\"widget\" data-widget_type=\"renax-sec-title.default\">\n\t\t\t\t<div class=\"elementor-widget-container\">\n\t\t\t\t\t\t\t<div class=\"about text-center\">\n\t\t\t\t\t\t<div class=\"section-subtitle\">\u0412\u043e\u0437\u044c\u043c\u0438\u0442\u0435 \u043c\u0430\u0448\u0438\u043d\u0443 \u0432 \u0430\u0440\u0435\u043d\u0434\u0443<\/div>\n\t\t\t\t\t\t            <div class=\"section-title white\">\u0412\u0430\u0441 \u0438\u043d\u0442\u0435\u0440\u0435\u0441\u0443\u0435\u0442 \u0430\u0440\u0435\u043d\u0434\u0430?\n<\/div>\n\t\t\t\t\t\t            <p class=\"rx-lets-talk white\">\u041e\u0431\u0440\u0430\u0449\u0430\u0439\u0442\u0435\u0441\u044c \u043a \u043d\u0430\u043c \u0431\u0435\u0437 \u043a\u043e\u043b\u0435\u0431\u0430\u043d\u0438\u0439 \u0438 \u0431\u044b\u0441\u0442\u0440\u043e \u0437\u0430\u043a\u0430\u0436\u0438\u0442\u0435 \u0436\u0435\u043b\u0430\u0435\u043c\u044b\u0439 \u0430\u0432\u0442\u043e\u043c\u043e\u0431\u0438\u043b\u044c.\n\n<\/p>\n\t\t\t\t\t<\/div>\n\t\t\t\t\t\t<\/div>\n\t\t\t\t<\/div>\n\t\t<div class=\"elementor-element elementor-element-29f8c8ad e-flex e-con-boxed e-con e-child\" data-id=\"29f8c8ad\" data-element_type=\"container\" data-e-type=\"container\">\n\t\t\t\t\t<div class=\"e-con-inner\">\n\t\t\t\t<div class=\"elementor-element elementor-element-3ce4ae6 elementor-widget elementor-widget-renax-button\" data-id=\"3ce4ae6\" data-element_type=\"widget\" data-e-type=\"widget\" data-widget_type=\"renax-button.default\">\n\t\t\t\t<div class=\"elementor-widget-container\">\n\t\t\t\t\t        \t\t<div class=\"sec-button float-left clear\">\t\t\t\n\t\t\t<a class=\"button-1 rx-icon-left\"\n\t\t\t\t\t\t\n\t\t\thref=\"http:\/\/wa.me\/994102390255\" \n\t\t\t\t\t\ttarget=\"_blank\" rel=\"noopener noreferrer\">\n\t\t\t\t\t\t\t\t\t\t<svg aria-hidden=\"true\" class=\"e-font-icon-svg e-fab-whatsapp\" viewbox=\"0 0 448 512\" xmlns=\"http:\/\/www.w3.org\/2000\/svg\"><path d=\"M380.9 97.1C339 55.1 283.2 32 223.9 32c-122.4 0-222 99.6-222 222 0 39.1 10.2 77.3 29.6 111L0 480l117.7-30.9c32.4 17.7 68.9 27 106.1 27h.1c122.3 0 224.1-99.6 224.1-222 0-59.3-25.2-115-67.1-157zm-157 341.6c-33.2 0-65.7-8.9-94-25.7l-6.7-4-69.8 18.3L72 359.2l-4.4-7c-18.5-29.4-28.2-63.3-28.2-98.2 0-101.7 82.8-184.5 184.6-184.5 49.3 0 95.6 19.2 130.4 54.1 34.8 34.9 56.2 81.2 56.1 130.5 0 101.8-84.9 184.6-186.6 184.6zm101.2-138.2c-5.5-2.8-32.8-16.2-37.9-18-5.1-1.9-8.8-2.8-12.5 2.8-3.7 5.6-14.3 18-17.6 21.8-3.2 3.7-6.5 4.2-12 1.4-32.6-16.3-54-29.1-75.5-66-5.7-9.8 5.7-9.1 16.3-30.3 1.8-3.7.9-6.9-.5-9.7-1.4-2.8-12.5-30.1-17.1-41.2-4.5-10.8-9.1-9.3-12.5-9.5-3.2-.2-6.9-.2-10.6-.2-3.7 0-9.7 1.4-14.8 6.9-5.1 5.6-19.4 19-19.4 46.3 0 27.3 19.9 53.7 22.6 57.4 2.8 3.7 39.1 59.7 94.8 83.8 35.2 15.2 49 16.5 66.6 13.9 10.7-1.6 32.8-13.4 37.4-26.4 4.6-13 4.6-24.1 3.2-26.4-1.3-2.5-5-3.9-10.5-6.6z\"><\/path><\/svg>\t\t\t\t\n\t\t\tWhatsApp \n\t\t\t\t\t\t<\/a>\t\n\t\t<\/div>\t\t\n        \t\n\t\t\n        \t\t\t\t<\/div>\n\t\t\t\t<\/div>\n\t\t\t\t<div class=\"elementor-element elementor-element-5eaf7b7 elementor-widget elementor-widget-renax-button\" data-id=\"5eaf7b7\" data-element_type=\"widget\" data-e-type=\"widget\" data-widget_type=\"renax-button.default\">\n\t\t\t\t<div class=\"elementor-widget-container\">\n\t\t\t\t\t        \t\t<div class=\"sec-button float-left clear\">\t\t\t\n\t\t\t<a class=\"button-2\"\n\t\t\t\t\t\t\n\t\t\thref=\"https:\/\/rimon.az\/ru\/contact\/\" \n\t\t\t\t\t\ttarget=\"_self\" rel=\"noopener noreferrer\">\n\t\t\t\t\t\t\u0417\u0430\u043a\u0430\u0437 \n\t\t\t\t\t\t\n\t\t\t\t<span class=\"ti-arrow-top-right\"><\/span>\n\t\t\t\t\n\t\t\t\t\t\t<\/a>\t\n\t\t<\/div>\t\t\n        \t\n\t\t\n        \t\t\t\t<\/div>\n\t\t\t\t<\/div>\n\t\t\t\t\t<\/div>\n\t\t\t\t<\/div>\n\t\t\t\t\t<\/div>\n\t\t\t\t<\/div>\n\t\t<div class=\"elementor-element elementor-element-88b45ac e-flex e-con-boxed e-con e-parent\" data-id=\"88b45ac\" data-element_type=\"container\" data-e-type=\"container\" data-settings=\"{&quot;background_background&quot;:&quot;classic&quot;}\">\n\t\t\t\t\t<div class=\"e-con-inner\">\n\t\t\t\t<div class=\"elementor-element elementor-element-35f4aa6 elementor-widget elementor-widget-renax-clients\" data-id=\"35f4aa6\" data-element_type=\"widget\" data-e-type=\"widget\" data-widget_type=\"renax-clients.default\">\n\t\t\t\t<div class=\"elementor-widget-container\">\n\t\t\t\t\t\n\t\t<div class=\"clients clear\">\n\t\t\t<div class=\"owl-carousel owl-theme\" data-carousel-autoplay=\"true\" data-carousel-speed=\"1000\" data-carousel-timeout=\"5000\" data-carousel-nav=\"false\" data-rtl=\"false\" data-carousel-dots-mobile=\"false\" data-carousel-dots=\"false\" data-carousel-columns=\"6\">\n\t\t\t\t\t\t\t\t<div class=\"clients-logo\">\n\t\t\t\t    \t\t\t\t\t<a href=\"#\" target=\"_self\" rel=\"noopener noreferrer\">\n\t\t\t\t\t\t\t\t\t\t\t\n\t\t\t\t\t<img decoding=\"async\" src=\"https:\/\/rimon.az\/wp-content\/uploads\/2025\/10\/2logo-car-rimon-22.png\" alt=\"\">\t\t\t\t\n\t\t\t\t\t\t\t\t\t\t<\/a>\n\t\t\t\t\t\t\t\t\n\t\t\t\t<\/div>\t\n\t\t\t\t\t\t\t\t<div class=\"clients-logo\">\n\t\t\t\t    \t\t\t\t\t<a href=\"#\" target=\"_self\" rel=\"noopener noreferrer\">\n\t\t\t\t\t\t\t\t\t\t\t\n\t\t\t\t\t<img decoding=\"async\" src=\"https:\/\/rimon.az\/wp-content\/uploads\/2025\/10\/1car-logo-rimon.png\" alt=\"\">\t\t\t\t\n\t\t\t\t\t\t\t\t\t\t<\/a>\n\t\t\t\t\t\t\t\t\n\t\t\t\t<\/div>\t\n\t\t\t\t\t\t\t\t<div class=\"clients-logo\">\n\t\t\t\t    \t\t\t\t\t<a href=\"#\" target=\"_self\" rel=\"noopener noreferrer\">\n\t\t\t\t\t\t\t\t\t\t\t\n\t\t\t\t\t<img decoding=\"async\" src=\"https:\/\/rimon.az\/wp-content\/uploads\/2025\/08\/car-logo-rimon-1.png\" alt=\"\">\t\t\t\t\n\t\t\t\t\t\t\t\t\t\t<\/a>\n\t\t\t\t\t\t\t\t\n\t\t\t\t<\/div>\t\n\t\t\t\t\t\t\t\t<div class=\"clients-logo\">\n\t\t\t\t    \t\t\t\t\t<a href=\"#\" target=\"_self\" rel=\"noopener noreferrer\">\n\t\t\t\t\t\t\t\t\t\t\t\n\t\t\t\t\t<img decoding=\"async\" src=\"https:\/\/rimon.az\/wp-content\/uploads\/2025\/10\/3car-logo-rimon.png\" alt=\"\">\t\t\t\t\n\t\t\t\t\t\t\t\t\t\t<\/a>\n\t\t\t\t\t\t\t\t\n\t\t\t\t<\/div>\t\n\t\t\t\t\t\t\t<\/div>\t\t\n\t\t<\/div>\t\t\n\n        \t\t\t\t<\/div>\n\t\t\t\t<\/div>\n\t\t\t\t\t<\/div>\n\t\t\t\t<\/div>\n\t\t\t\t<\/div>","protected":false},"excerpt":{"rendered":"<p>\u018fn son yenilikl\u0259r Bloq v\u0259 x\u0259b\u0259rl\u0259r Sentyabr 30, 2025 javid.shahmuradov@gmail.com Vehicles Rimon VIP Chauffeur Xidm\u0259tind\u0259 T\u0259hl\u00fck\u0259sizlik v\u0259 Komfort Sentyabr 30, 2025 javid.shahmuradov@gmail.com Rental Service T\u0259dbirl\u0259rd\u0259 L\u00fcks N\u0259qliyyat Se\u00e7iml\u0259ri May 5, 2024 javid.shahmuradov@gmail.com Uncategorized VIP N\u0259qliyyat Xidm\u0259tl\u0259rinin \u00dcst\u00fcnl\u00fckl\u0259ri May 5, 2024 javid.shahmuradov@gmail.com Rent A Car&#8230;<\/p>","protected":false},"author":1,"featured_media":0,"parent":0,"menu_order":0,"comment_status":"closed","ping_status":"closed","template":"","meta":{"footnotes":""},"class_list":["post-707","page","type-page","status-publish","hentry"],"meta_box":[],"_links":{"self":[{"href":"https:\/\/rimon.az\/ru\/wp-json\/wp\/v2\/pages\/707","targetHints":{"allow":["GET"]}}],"collection":[{"href":"https:\/\/rimon.az\/ru\/wp-json\/wp\/v2\/pages"}],"about":[{"href":"https:\/\/rimon.az\/ru\/wp-json\/wp\/v2\/types\/page"}],"author":[{"embeddable":true,"href":"https:\/\/rimon.az\/ru\/wp-json\/wp\/v2\/users\/1"}],"replies":[{"embeddable":true,"href":"https:\/\/rimon.az\/ru\/wp-json\/wp\/v2\/comments?post=707"}],"version-history":[{"count":29,"href":"https:\/\/rimon.az\/ru\/wp-json\/wp\/v2\/pages\/707\/revisions"}],"predecessor-version":[{"id":1751,"href":"https:\/\/rimon.az\/ru\/wp-json\/wp\/v2\/pages\/707\/revisions\/1751"}],"wp:attachment":[{"href":"https:\/\/rimon.az\/ru\/wp-json\/wp\/v2\/media?parent=707"}],"curies":[{"name":"wp","href":"https:\/\/api.w.org\/{rel}","templated":true}]}}